{"id":9,"date":"2019-06-24T20:00:31","date_gmt":"2019-06-24T18:00:31","guid":{"rendered":"http:\/\/www.sergi.at\/wp1\/?page_id=9"},"modified":"2024-04-25T12:44:55","modified_gmt":"2024-04-25T10:44:55","slug":"startseite","status":"publish","type":"page","link":"https:\/\/www.sergi.at\/wp1\/","title":{"rendered":"Startseite"},"content":{"rendered":"\n<h1 class=\"wp-block-heading\">Herzlich Willkommen<\/h1>\n\n\n\n<p>auf der Homepage von Marco Sergi, Ihrem IT Spezialisten f\u00fcr Leobersdorf<br> und den Raum Wien S\u00fcd.<\/p>\n\n\n\n<ul>\n<li>Planung, Installation und<br>Inbetriebnahme von EDV Anlagen und<br>Netzwerken.<\/li>\n\n\n\n<li>Professionelle Betreuung<br>bestehender Installationen.<\/li>\n\n\n\n<li>Hier sind Sie mit Ihrem Business bestens aufgehoben.<\/li>\n<\/ul>\n\n\n\n<p><\/p>\n\n\n\n<p>Die Firma Marco Sergi EDV Beratung wurde 1999 gegr\u00fcndet.<\/p>\n\n\n\n<p>Aufgabe ist die Errichtung und Betreuung von\nComputer Installationen mit bis zu 75 Arbeitspl\u00e4tzen f\u00fcr Kunden im\nRaum Wien.<\/p>\n\n\n\n<p>Weiters werden diverse andere EDV-Projekte wie z.B.\nInternet Auftritte oder Installation von Spezialrechnern mit Hilfe\nvon Subunternehmen koordiniert.<\/p>\n\n\n\n<p>Ziel ist es dem Kunden in allen EDV Fragen 24\nStunden t\u00e4glich, 365 Tage im Jahr hilfreich und produktiv zur\nVerf\u00fcgung zu stehen.<\/p>\n\n\n\n<p><br>\nGewerbe registriert bei Bezirkshauptmannschaft Baden Nr.:\n306-12-G-99230<\/p>\n\n\n\n<p><a href=\"https:\/\/firmen.wko.at\/Web\/DetailsKontakt.aspx?FirmaID=ffcabc3c-642c-4165-ad16-10f9ec5ece58\" target=\"_blank\" rel=\"noreferrer noopener\" aria-label=\" (\u00f6ffnet in neuem Tab)\">-&gt; Unternehmensdaten lt. E-Commerz Gesetz \u00a75Abs1ECG<\/a>&nbsp;<\/p>\n","protected":false},"excerpt":{"rendered":"<p>Herzlich Willkommen auf der Homepage von Marco Sergi, Ihrem IT Spezialisten f\u00fcr Leobersdorf und den Raum Wien S\u00fcd. Die Firma Marco Sergi EDV Beratung wurde 1999 gegr\u00fcndet. Aufgabe ist die Errichtung und Betreuung von Computer Installationen mit bis zu 75&#8230; <a href=\"https:\/\/www.sergi.at\/wp1\/\" class=\"readmore\">Read more<span class=\"screen-reader-text\">Startseite<\/span><span class=\"fa fa-angle-double-right\" aria-hidden=\"true\"><\/span><\/a><\/p>\n","protected":false},"author":1,"featured_media":0,"parent":0,"menu_order":0,"comment_status":"closed","ping_status":"closed","template":"","meta":{"footnotes":""},"_links":{"self":[{"href":"https:\/\/www.sergi.at\/wp1\/index.php?rest_route=\/wp\/v2\/pages\/9"}],"collection":[{"href":"https:\/\/www.sergi.at\/wp1\/index.php?rest_route=\/wp\/v2\/pages"}],"about":[{"href":"https:\/\/www.sergi.at\/wp1\/index.php?rest_route=\/wp\/v2\/types\/page"}],"author":[{"embeddable":true,"href":"https:\/\/www.sergi.at\/wp1\/index.php?rest_route=\/wp\/v2\/users\/1"}],"replies":[{"embeddable":true,"href":"https:\/\/www.sergi.at\/wp1\/index.php?rest_route=%2Fwp%2Fv2%2Fcomments&post=9"}],"version-history":[{"count":6,"href":"https:\/\/www.sergi.at\/wp1\/index.php?rest_route=\/wp\/v2\/pages\/9\/revisions"}],"predecessor-version":[{"id":53,"href":"https:\/\/www.sergi.at\/wp1\/index.php?rest_route=\/wp\/v2\/pages\/9\/revisions\/53"}],"wp:attachment":[{"href":"https:\/\/www.sergi.at\/wp1\/index.php?rest_route=%2Fwp%2Fv2%2Fmedia&parent=9"}],"curies":[{"name":"wp","href":"https:\/\/api.w.org\/{rel}","templated":true}]}}